{"id":367,"date":"2019-08-20T14:19:05","date_gmt":"2019-08-20T14:19:05","guid":{"rendered":"https:\/\/themes.getmotopress.com\/booklium-default\/?page_id=367"},"modified":"2019-08-20T14:19:05","modified_gmt":"2019-08-20T14:19:05","slug":"posts-list-grid-block","status":"publish","type":"page","link":"https:\/\/kopalino.org\/?page_id=367","title":{"rendered":"Posts List\/Grid Block"},"content":{"rendered":"\r\n<h2 class=\"wp-block-heading\" style=\"text-align:center\">Posts List<\/h2>\r\n\r\n\r\n        <div class=\"wp-block-getwid-custom-post-type custom-post-type-post has-layout-list is-style-dark\">\n            <div class=\"wp-block-getwid-custom-post-type__wrapper\">\n                \t\t\t\t\t\t\t\t<div class='wp-block-getwid-custom-post-type__post'>\n\t\t\t\t\t\t\t\t\t\n<div class=\"wp-block-getwid-custom-post-type__post-wrapper\">\n        <div class=\"wp-block-getwid-custom-post-type__content-wrapper\">\n        <div class=\"wp-block-getwid-custom-post-type__post-header\">\n            <h3 class=\"wp-block-getwid-custom-post-type__post-title\"><a href=\"https:\/\/kopalino.org\/?p=1\">Witaj, \u015bwiecie!<\/a><\/h3>        <\/div>\n        <div class=\"wp-block-getwid-custom-post-type__post-excerpt \"><p>Witamy w WordPressie. To jest tw\u00f3j pierwszy wpis. Edytuj go lub usu\u0144, a nast\u0119pnie zacznij pisa\u0107!<\/p>\n<\/div>\n    <\/div>\n<\/div>\n\t\t\t\t\t\t\t\t<\/div>\n\t\t\t\t\t\t\t\t\t\t\t\t\t\t\t<div class='wp-block-getwid-custom-post-type__post'>\n\t\t\t\t\t\t\t\t\t\n<div class=\"wp-block-getwid-custom-post-type__post-wrapper\">\n            <div class=\"wp-block-getwid-custom-post-type__post-thumbnail\">\n            <a href=\"https:\/\/kopalino.org\/?p=123\"><img loading=\"lazy\" decoding=\"async\" width=\"892\" height=\"695\" src=\"https:\/\/kopalino.org\/wp-content\/uploads\/2019\/09\/single-post-3-2-892x695.jpg\" class=\"attachment-post-thumbnail size-post-thumbnail wp-post-image\" alt=\"\" srcset=\"https:\/\/kopalino.org\/wp-content\/uploads\/2019\/09\/single-post-3-2-892x695.jpg 892w, https:\/\/kopalino.org\/wp-content\/uploads\/2019\/09\/single-post-3-2-300x234.jpg 300w, https:\/\/kopalino.org\/wp-content\/uploads\/2019\/09\/single-post-3-2-1024x798.jpg 1024w, https:\/\/kopalino.org\/wp-content\/uploads\/2019\/09\/single-post-3-2-768x598.jpg 768w, https:\/\/kopalino.org\/wp-content\/uploads\/2019\/09\/single-post-3-2.jpg 1350w\" sizes=\"auto, (max-width: 892px) 100vw, 892px\" \/><\/a>\n        <\/div>\n        <div class=\"wp-block-getwid-custom-post-type__content-wrapper\">\n        <div class=\"wp-block-getwid-custom-post-type__post-header\">\n            <h3 class=\"wp-block-getwid-custom-post-type__post-title\"><a href=\"https:\/\/kopalino.org\/?p=123\">Our Secret Island Boat Tour Is Just for You<\/a><\/h3>        <\/div>\n        <div class=\"wp-block-getwid-custom-post-type__post-excerpt \"><p>You&#8217;ve probably already seen our extra amenities and activities? There are a lot of them and you can enjoy any. But today we want to make a special accent on the Island boat tours. Remember a book about Robinson Crusoe? You have a chance to experience a piece of his life on your own!<\/p>\n<\/div>\n    <\/div>\n<\/div>\n\t\t\t\t\t\t\t\t<\/div>\n\t\t\t\t\t\t\t            <\/div>\n\n                    <\/div>\n        \r\n\r\n\r\n<div style=\"height:50px\" aria-hidden=\"true\" class=\"wp-block-spacer\"><\/div>\r\n\r\n\r\n\r\n<h2 class=\"wp-block-heading\" style=\"text-align:center\">Posts Grid<\/h2>\r\n\r\n\r\n\r\n<div class=\"wp-block-getwid-advanced-spacer\" style=\"height:10px\" aria-hidden=\"true\"><\/div>\r\n\r\n\r\n        <div class=\"wp-block-getwid-custom-post-type custom-post-type-post alignwide has-layout-grid is-style-with-shadow\">\n            <div class=\"wp-block-getwid-custom-post-type__wrapper getwid-columns getwid-columns-3\">\n                \t\t\t\t\t\t\t\t<div class='wp-block-getwid-custom-post-type__post'>\n\t\t\t\t\t\t\t\t\t\n<div class=\"wp-block-getwid-custom-post-type__post-wrapper\">\n        <div class=\"wp-block-getwid-custom-post-type__content-wrapper\">\n        <div class=\"wp-block-getwid-custom-post-type__post-header\">\n            <h3 class=\"wp-block-getwid-custom-post-type__post-title\"><a href=\"https:\/\/kopalino.org\/?p=1\">Witaj, \u015bwiecie!<\/a><\/h3>        <\/div>\n        <div class=\"wp-block-getwid-custom-post-type__post-excerpt \"><p>Witamy w WordPressie. To jest tw\u00f3j pierwszy wpis. Edytuj go lub usu\u0144, a nast\u0119pnie zacznij pisa\u0107!<\/p>\n<\/div>\n    <\/div>\n<\/div>\n\t\t\t\t\t\t\t\t<\/div>\n\t\t\t\t\t\t\t\t\t\t\t\t\t\t\t<div class='wp-block-getwid-custom-post-type__post'>\n\t\t\t\t\t\t\t\t\t\n<div class=\"wp-block-getwid-custom-post-type__post-wrapper\">\n            <div class=\"wp-block-getwid-custom-post-type__post-thumbnail\">\n            <a href=\"https:\/\/kopalino.org\/?p=123\"><img loading=\"lazy\" decoding=\"async\" width=\"892\" height=\"695\" src=\"https:\/\/kopalino.org\/wp-content\/uploads\/2019\/09\/single-post-3-2-892x695.jpg\" class=\"attachment-post-thumbnail size-post-thumbnail wp-post-image\" alt=\"\" srcset=\"https:\/\/kopalino.org\/wp-content\/uploads\/2019\/09\/single-post-3-2-892x695.jpg 892w, https:\/\/kopalino.org\/wp-content\/uploads\/2019\/09\/single-post-3-2-300x234.jpg 300w, https:\/\/kopalino.org\/wp-content\/uploads\/2019\/09\/single-post-3-2-1024x798.jpg 1024w, https:\/\/kopalino.org\/wp-content\/uploads\/2019\/09\/single-post-3-2-768x598.jpg 768w, https:\/\/kopalino.org\/wp-content\/uploads\/2019\/09\/single-post-3-2.jpg 1350w\" sizes=\"auto, (max-width: 892px) 100vw, 892px\" \/><\/a>\n        <\/div>\n        <div class=\"wp-block-getwid-custom-post-type__content-wrapper\">\n        <div class=\"wp-block-getwid-custom-post-type__post-header\">\n            <h3 class=\"wp-block-getwid-custom-post-type__post-title\"><a href=\"https:\/\/kopalino.org\/?p=123\">Our Secret Island Boat Tour Is Just for You<\/a><\/h3>        <\/div>\n        <div class=\"wp-block-getwid-custom-post-type__post-excerpt \"><p>You&#8217;ve probably already seen our extra amenities and activities? There are a lot of them and you can enjoy any. But today we want to make a special accent on the Island boat tours. Remember a book about Robinson Crusoe? You have a chance to experience a piece of his life on your own!<\/p>\n<\/div>\n    <\/div>\n<\/div>\n\t\t\t\t\t\t\t\t<\/div>\n\t\t\t\t\t\t\t\t\t\t\t\t\t\t\t<div class='wp-block-getwid-custom-post-type__post'>\n\t\t\t\t\t\t\t\t\t\n<div class=\"wp-block-getwid-custom-post-type__post-wrapper\">\n            <div class=\"wp-block-getwid-custom-post-type__post-thumbnail\">\n            <a href=\"https:\/\/kopalino.org\/?p=119\"><img loading=\"lazy\" decoding=\"async\" width=\"892\" height=\"695\" src=\"https:\/\/kopalino.org\/wp-content\/uploads\/2019\/09\/single-post-1-2-892x695.jpg\" class=\"attachment-post-thumbnail size-post-thumbnail wp-post-image\" alt=\"\" srcset=\"https:\/\/kopalino.org\/wp-content\/uploads\/2019\/09\/single-post-1-2-892x695.jpg 892w, https:\/\/kopalino.org\/wp-content\/uploads\/2019\/09\/single-post-1-2-300x234.jpg 300w, https:\/\/kopalino.org\/wp-content\/uploads\/2019\/09\/single-post-1-2-1024x798.jpg 1024w, https:\/\/kopalino.org\/wp-content\/uploads\/2019\/09\/single-post-1-2-768x598.jpg 768w, https:\/\/kopalino.org\/wp-content\/uploads\/2019\/09\/single-post-1-2.jpg 1350w\" sizes=\"auto, (max-width: 892px) 100vw, 892px\" \/><\/a>\n        <\/div>\n        <div class=\"wp-block-getwid-custom-post-type__content-wrapper\">\n        <div class=\"wp-block-getwid-custom-post-type__post-header\">\n            <h3 class=\"wp-block-getwid-custom-post-type__post-title\"><a href=\"https:\/\/kopalino.org\/?p=119\">Chill and Escape in Our Natural Shelters<\/a><\/h3>        <\/div>\n        <div class=\"wp-block-getwid-custom-post-type__post-excerpt \"><p>Be a creator of your own rest on the beach or under the trees, be at ease and stay in the privacy of your own mind for a while. At our resort you will enjoy the beauty of the nature, delicious taste of palatable dishes and breath-taking view of amazing landscapes.<\/p>\n<\/div>\n    <\/div>\n<\/div>\n\t\t\t\t\t\t\t\t<\/div>\n\t\t\t\t\t\t\t            <\/div>\n\n                    <\/div>\n        ","protected":false},"excerpt":{"rendered":"<p>Posts List Posts Grid<\/p>\n","protected":false},"author":1,"featured_media":0,"parent":318,"menu_order":0,"comment_status":"closed","ping_status":"closed","template":"","meta":{"inline_featured_image":false,"_monsterinsights_skip_tracking":false,"_monsterinsights_sitenote_active":false,"_monsterinsights_sitenote_note":"","_monsterinsights_sitenote_category":0,"footnotes":""},"class_list":["post-367","page","type-page","status-publish","hentry"],"aioseo_notices":[],"_links":{"self":[{"href":"https:\/\/kopalino.org\/index.php?rest_route=\/wp\/v2\/pages\/367","targetHints":{"allow":["GET"]}}],"collection":[{"href":"https:\/\/kopalino.org\/index.php?rest_route=\/wp\/v2\/pages"}],"about":[{"href":"https:\/\/kopalino.org\/index.php?rest_route=\/wp\/v2\/types\/page"}],"author":[{"embeddable":true,"href":"https:\/\/kopalino.org\/index.php?rest_route=\/wp\/v2\/users\/1"}],"replies":[{"embeddable":true,"href":"https:\/\/kopalino.org\/index.php?rest_route=%2Fwp%2Fv2%2Fcomments&post=367"}],"version-history":[{"count":0,"href":"https:\/\/kopalino.org\/index.php?rest_route=\/wp\/v2\/pages\/367\/revisions"}],"up":[{"embeddable":true,"href":"https:\/\/kopalino.org\/index.php?rest_route=\/wp\/v2\/pages\/318"}],"wp:attachment":[{"href":"https:\/\/kopalino.org\/index.php?rest_route=%2Fwp%2Fv2%2Fmedia&parent=367"}],"curies":[{"name":"wp","href":"https:\/\/api.w.org\/{rel}","templated":true}]}}